{"id":707,"date":"2015-04-03T10:42:06","date_gmt":"2015-04-03T08:42:06","guid":{"rendered":"http:\/\/www.irvd.si\/?page_id=707"},"modified":"2015-04-03T10:42:20","modified_gmt":"2015-04-03T08:42:20","slug":"contact-2","status":"publish","type":"page","link":"http:\/\/www.irvd.si\/en\/contact-2\/","title":{"rendered":"Contact form"},"content":{"rendered":"\n<div class=\"wpcf7 no-js\" id=\"wpcf7-f701-o1\" lang=\"\" dir=\"ltr\">\n<div class=\"screen-reader-response\"><p role=\"status\" aria-live=\"polite\" aria-atomic=\"true\"><\/p> <ul><\/ul><\/div>\n<form action=\"\/en\/wp-json\/wp\/v2\/pages\/707#wpcf7-f701-o1\" method=\"post\" class=\"wpcf7-form init\" aria-label=\"Contact form\" novalidate=\"novalidate\" data-status=\"init\">\n<div style=\"display: none;\">\n<input type=\"hidden\" name=\"_wpcf7\" value=\"701\" \/>\n<input type=\"hidden\" name=\"_wpcf7_version\" value=\"5.7.4\" \/>\n<input type=\"hidden\" name=\"_wpcf7_locale\" value=\"\" \/>\n<input type=\"hidden\" name=\"_wpcf7_unit_tag\" value=\"wpcf7-f701-o1\" \/>\n<input type=\"hidden\" name=\"_wpcf7_container_post\" value=\"0\" \/>\n<input type=\"hidden\" name=\"_wpcf7_posted_data_hash\" value=\"\" \/>\n<\/div>\n<p>Ime (obvezno)\n<\/p>\n<p><span class=\"wpcf7-form-control-wrap\" data-name=\"your-name\"><input size=\"40\" class=\"wpcf7-form-control wpcf7-text wpcf7-validates-as-required\" aria-required=\"true\" aria-invalid=\"false\" value=\"\" type=\"text\" name=\"your-name\" \/><\/span>\n<\/p>\n<p>Va\u0161 eMail (obvezno)\n<\/p>\n<p><span class=\"wpcf7-form-control-wrap\" data-name=\"your-email\"><input size=\"40\" class=\"wpcf7-form-control wpcf7-text wpcf7-email wpcf7-validates-as-required wpcf7-validates-as-email\" aria-required=\"true\" aria-invalid=\"false\" value=\"\" type=\"email\" name=\"your-email\" \/><\/span>\n<\/p>\n<p>Zadeva\n<\/p>\n<p><span class=\"wpcf7-form-control-wrap\" data-name=\"your-subject\"><input size=\"40\" class=\"wpcf7-form-control wpcf7-text\" aria-invalid=\"false\" value=\"\" type=\"text\" name=\"your-subject\" \/><\/span>\n<\/p>\n<p>Sporo\u010dilo\n<\/p>\n<p><span class=\"wpcf7-form-control-wrap\" data-name=\"your-message\"><textarea cols=\"40\" rows=\"10\" class=\"wpcf7-form-control wpcf7-textarea\" aria-invalid=\"false\" name=\"your-message\"><\/textarea><\/span>\n<\/p>\n<p><input class=\"wpcf7-form-control has-spinner wpcf7-submit\" type=\"submit\" value=\"Po\u0161lji\" \/>\n<\/p><div class=\"wpcf7-response-output\" aria-hidden=\"true\"><\/div>\n<\/form>\n<\/div>\n\n","protected":false},"excerpt":{"rendered":"<p><\/p>","protected":false},"author":1,"featured_media":0,"parent":0,"menu_order":0,"comment_status":"closed","ping_status":"closed","template":"template-page-sidebar.php","meta":[],"yoast_head":"<!-- This site is optimized with the Yoast SEO plugin v20.2.1 - https:\/\/yoast.com\/wordpress\/plugins\/seo\/ -->\n<title>Contact form - IRVD<\/title>\n<meta name=\"robots\" content=\"index, follow, max-snippet:-1, max-image-preview:large, max-video-preview:-1\" \/>\n<link rel=\"canonical\" href=\"http:\/\/www.irvd.si\/en\/contact-2\/\" \/>\n<meta property=\"og:locale\" content=\"en_US\" \/>\n<meta property=\"og:type\" content=\"article\" \/>\n<meta property=\"og:title\" content=\"Contact form - IRVD\" \/>\n<meta property=\"og:url\" content=\"http:\/\/www.irvd.si\/en\/contact-2\/\" \/>\n<meta property=\"og:site_name\" content=\"IRVD\" \/>\n<meta property=\"article:modified_time\" content=\"2015-04-03T08:42:20+00:00\" \/>\n<script type=\"application\/ld+json\" class=\"yoast-schema-graph\">{\"@context\":\"https:\/\/schema.org\",\"@graph\":[{\"@type\":\"WebPage\",\"@id\":\"http:\/\/www.irvd.si\/en\/contact-2\/\",\"url\":\"http:\/\/www.irvd.si\/en\/contact-2\/\",\"name\":\"Contact form - IRVD\",\"isPartOf\":{\"@id\":\"http:\/\/www.irvd.si\/#website\"},\"datePublished\":\"2015-04-03T08:42:06+00:00\",\"dateModified\":\"2015-04-03T08:42:20+00:00\",\"inLanguage\":\"en-US\",\"potentialAction\":[{\"@type\":\"ReadAction\",\"target\":[\"http:\/\/www.irvd.si\/en\/contact-2\/\"]}]},{\"@type\":\"WebSite\",\"@id\":\"http:\/\/www.irvd.si\/#website\",\"url\":\"http:\/\/www.irvd.si\/\",\"name\":\"IRVD\",\"description\":\"In\u0161titut za razvoj vklju\u010dujo\u010de dru\u017ebe\",\"potentialAction\":[{\"@type\":\"SearchAction\",\"target\":{\"@type\":\"EntryPoint\",\"urlTemplate\":\"http:\/\/www.irvd.si\/?s={search_term_string}\"},\"query-input\":\"required name=search_term_string\"}],\"inLanguage\":\"en-US\"}]}<\/script>\n<!-- \/ Yoast SEO plugin. -->","yoast_head_json":{"title":"Contact form - IRVD","robots":{"index":"index","follow":"follow","max-snippet":"max-snippet:-1","max-image-preview":"max-image-preview:large","max-video-preview":"max-video-preview:-1"},"canonical":"http:\/\/www.irvd.si\/en\/contact-2\/","og_locale":"en_US","og_type":"article","og_title":"Contact form - IRVD","og_url":"http:\/\/www.irvd.si\/en\/contact-2\/","og_site_name":"IRVD","article_modified_time":"2015-04-03T08:42:20+00:00","schema":{"@context":"https:\/\/schema.org","@graph":[{"@type":"WebPage","@id":"http:\/\/www.irvd.si\/en\/contact-2\/","url":"http:\/\/www.irvd.si\/en\/contact-2\/","name":"Contact form - IRVD","isPartOf":{"@id":"http:\/\/www.irvd.si\/#website"},"datePublished":"2015-04-03T08:42:06+00:00","dateModified":"2015-04-03T08:42:20+00:00","inLanguage":"en-US","potentialAction":[{"@type":"ReadAction","target":["http:\/\/www.irvd.si\/en\/contact-2\/"]}]},{"@type":"WebSite","@id":"http:\/\/www.irvd.si\/#website","url":"http:\/\/www.irvd.si\/","name":"IRVD","description":"In\u0161titut za razvoj vklju\u010dujo\u010de dru\u017ebe","potentialAction":[{"@type":"SearchAction","target":{"@type":"EntryPoint","urlTemplate":"http:\/\/www.irvd.si\/?s={search_term_string}"},"query-input":"required name=search_term_string"}],"inLanguage":"en-US"}]}},"_links":{"self":[{"href":"http:\/\/www.irvd.si\/en\/wp-json\/wp\/v2\/pages\/707"}],"collection":[{"href":"http:\/\/www.irvd.si\/en\/wp-json\/wp\/v2\/pages"}],"about":[{"href":"http:\/\/www.irvd.si\/en\/wp-json\/wp\/v2\/types\/page"}],"author":[{"embeddable":true,"href":"http:\/\/www.irvd.si\/en\/wp-json\/wp\/v2\/users\/1"}],"replies":[{"embeddable":true,"href":"http:\/\/www.irvd.si\/en\/wp-json\/wp\/v2\/comments?post=707"}],"version-history":[{"count":0,"href":"http:\/\/www.irvd.si\/en\/wp-json\/wp\/v2\/pages\/707\/revisions"}],"wp:attachment":[{"href":"http:\/\/www.irvd.si\/en\/wp-json\/wp\/v2\/media?parent=707"}],"curies":[{"name":"wp","href":"https:\/\/api.w.org\/{rel}","templated":true}]}}